{"id":5,"date":"2022-03-03T12:38:34","date_gmt":"2022-03-03T12:38:34","guid":{"rendered":"https:\/\/mar.gal\/?page_id=5"},"modified":"2025-03-27T12:15:45","modified_gmt":"2025-03-27T12:15:45","slug":"ayudas","status":"publish","type":"page","link":"https:\/\/mar.gal\/es\/ayudas\/","title":{"rendered":"AYUDAS"},"content":{"rendered":"<p>[et_pb_section fb_built=\u00bb1&#8243; _builder_version=\u00bb4.16&#8243; _module_preset=\u00bbdefault\u00bb global_colors_info=\u00bb{}\u00bb][et_pb_row _builder_version=\u00bb4.27.4&#8243; _module_preset=\u00bbdefault\u00bb global_colors_info=\u00bb{}\u00bb][et_pb_column type=\u00bb4_4&#8243; _builder_version=\u00bb4.18.1&#8243; _module_preset=\u00bbdefault\u00bb global_colors_info=\u00bb{}\u00bb][et_pb_text _builder_version=\u00bb4.27.4&#8243; _module_preset=\u00bbdefault\u00bb header_font=\u00bb&#8211;et_global_heading_font||||||||\u00bb header_font_size=\u00bb40px\u00bb global_colors_info=\u00bb{}\u00bb]<\/p>\n<h1><strong>AYUDAS<\/strong><\/h1>\n<p>[\/et_pb_text][\/et_pb_column][\/et_pb_row][et_pb_row _builder_version=\u00bb4.18.1&#8243; _module_preset=\u00bbdefault\u00bb custom_margin=\u00bb1em||||false|false\u00bb custom_padding=\u00bb0px||0px||false|false\u00bb global_colors_info=\u00bb{}\u00bb][et_pb_column type=\u00bb4_4&#8243; _builder_version=\u00bb4.18.1&#8243; _module_preset=\u00bbdefault\u00bb global_colors_info=\u00bb{}\u00bb][et_pb_text module_id=\u00bbmarspan\u00bb _builder_version=\u00bb4.27.4&#8243; _module_preset=\u00bbdefault\u00bb global_colors_info=\u00bb{}\u00bb]<\/p>\n<h2 id=\"vlp40\">MAR-SPAN<\/h2>\n<p>[\/et_pb_text][\/et_pb_column][\/et_pb_row][et_pb_row column_structure=\u00bb1_2,1_2&#8243; _builder_version=\u00bb4.18.1&#8243; _module_preset=\u00bbdefault\u00bb global_colors_info=\u00bb{}\u00bb][et_pb_column type=\u00bb1_2&#8243; _builder_version=\u00bb4.18.1&#8243; _module_preset=\u00bbdefault\u00bb custom_padding=\u00bb7vw||||false|false\u00bb custom_css_main_element=\u00bbdisplay: flex;||align-content: center;\u00bb global_colors_info=\u00bb{}\u00bb][et_pb_image src=\u00bbhttps:\/\/mar.gal\/wp-content\/uploads\/2022\/11\/mar-span-b.png\u00bb title_text=\u00bbmar-span-b\u00bb force_fullwidth=\u00bbon\u00bb _builder_version=\u00bb4.27.4&#8243; _module_preset=\u00bbdefault\u00bb custom_padding=\u00bb||||false|false\u00bb global_colors_info=\u00bb{}\u00bb][\/et_pb_image][\/et_pb_column][et_pb_column type=\u00bb1_2&#8243; _builder_version=\u00bb4.16&#8243; _module_preset=\u00bbdefault\u00bb global_colors_info=\u00bb{}\u00bb][et_pb_image src=\u00bbhttps:\/\/mar.gal\/wp-content\/uploads\/2025\/03\/ttAXsdHKK6.png\u00bb alt=\u00bbmarspan ayudas\u00bb title_text=\u00bbmarspan ayudas\u00bb force_fullwidth=\u00bbon\u00bb _builder_version=\u00bb4.27.4&#8243; _module_preset=\u00bbdefault\u00bb global_colors_info=\u00bb{}\u00bb][\/et_pb_image][\/et_pb_column][\/et_pb_row][et_pb_row _builder_version=\u00bb4.18.1&#8243; _module_preset=\u00bbdefault\u00bb custom_padding=\u00bb||99px|||\u00bb global_colors_info=\u00bb{}\u00bb][et_pb_column type=\u00bb4_4&#8243; _builder_version=\u00bb4.18.1&#8243; _module_preset=\u00bbdefault\u00bb global_colors_info=\u00bb{}\u00bb][et_pb_text _builder_version=\u00bb4.27.4&#8243; _module_preset=\u00bbdefault\u00bb text_font_size=\u00bb16px\u00bb global_colors_info=\u00bb{}\u00bb]<\/p>\n<p data-sourcepos=\"3:1-3:395\"><strong>MAR-SPAN<\/strong> es un innovador sistema <strong>automatizado, sensorizado y virtualizado<\/strong> dise\u00f1ado para optimizar el proceso de producci\u00f3n en las bateas de mejill\u00f3n. Este sistema, <strong>f\u00e1cilmente accesible y con monitorizaci\u00f3n completa<\/strong>, ofrece una optimizaci\u00f3n del cultivo mediante un <strong>perfilado guiado y motorizado<\/strong> que mueve las cuerdas autom\u00e1ticamente para una alimentaci\u00f3n \u00f3ptima de los mejillones.<\/p>\n<p data-sourcepos=\"5:1-5:373\">La <strong>monitorizaci\u00f3n individual de 10 l\u00edneas<\/strong> y la <strong>sensorizaci\u00f3n completa<\/strong>, incluyendo el <strong>pesaje de 400 cuerdas<\/strong>, permiten controlar la evoluci\u00f3n del crecimiento y decidir el momento \u00f3ptimo de extracci\u00f3n. La posibilidad de <strong>controlar par\u00e1metros y programar alertas<\/strong> desde el exterior, a trav\u00e9s de un <strong>modelo virtualizado<\/strong>, brinda una gran flexibilidad al sistema.<\/p>\n<p data-sourcepos=\"7:1-7:430\">MAR-SPAN destaca por su <strong>autonom\u00eda<\/strong> gracias al uso de <strong>energ\u00eda renovable<\/strong> (undimotriz, solar y e\u00f3lica), a la vez que incorpora caracter\u00edsticas como un <strong>sistema de bajo consumo<\/strong>, <strong>seguridad energ\u00e9tica<\/strong> (replicaci\u00f3n tecnol\u00f3gica), <strong>seguridad del proceso<\/strong> (programaci\u00f3n de casos supervisados) y <strong>seguridad de software\/hardware<\/strong> (VPN directa y m\u00e1quina virtual replicada), garantizando una optimizaci\u00f3n integral y confiable.<\/p>\n<p>[\/et_pb_text][et_pb_testimonial _builder_version=\u00bb4.27.4&#8243; _module_preset=\u00bbdefault\u00bb body_text_color=\u00bb#FFFFFF\u00bb body_font_size=\u00bb16px\u00bb background_color=\u00bb#197dc0&#8243; global_colors_info=\u00bb{}\u00bb]<\/p>\n<p><strong>MAR-SPAN<\/strong>: La soluci\u00f3n inteligente para la optimizaci\u00f3n del cultivo de mejill\u00f3n, adapt\u00e1ndose a tus necesidades y brindando control total en cualquier batea gracias a su autonom\u00eda con energ\u00eda renovable.<\/p>\n<p>[\/et_pb_testimonial][et_pb_text _builder_version=\u00bb4.27.4&#8243; _module_preset=\u00bbdefault\u00bb text_font_size=\u00bb16px\u00bb global_colors_info=\u00bb{}\u00bb]<\/p>\n<p>El proyecto est\u00e1 financiado por el Ministerio de Industria y Turismo, y la Uni\u00f3n Europea \u2013 NextGenerationEU a trav\u00e9s del Plan de Recuperaci\u00f3n, Transformaci\u00f3n y Resiliencia.<\/p>\n<p>[\/et_pb_text][et_pb_image src=\u00bbhttps:\/\/mar.gal\/wp-content\/uploads\/2025\/03\/Cartel-A3-Publicidad-Mediana.jpg\u00bb title_text=\u00bbCartel A3 Publicidad (Mediana)\u00bb align=\u00bbcenter\u00bb _builder_version=\u00bb4.27.4&#8243; _module_preset=\u00bbdefault\u00bb module_alignment=\u00bbleft\u00bb hover_enabled=\u00bb0&#8243; global_colors_info=\u00bb{}\u00bb sticky_enabled=\u00bb0&#8243;][\/et_pb_image][\/et_pb_column][\/et_pb_row][et_pb_row _builder_version=\u00bb4.18.1&#8243; _module_preset=\u00bbdefault\u00bb custom_margin=\u00bb1em||||false|false\u00bb custom_padding=\u00bb0px||0px||false|false\u00bb global_colors_info=\u00bb{}\u00bb][et_pb_column type=\u00bb4_4&#8243; _builder_version=\u00bb4.18.1&#8243; _module_preset=\u00bbdefault\u00bb global_colors_info=\u00bb{}\u00bb][et_pb_text _builder_version=\u00bb4.18.1&#8243; _module_preset=\u00bbdefault\u00bb global_colors_info=\u00bb{}\u00bb]<\/p>\n<h2 id=\"vlp40\">VLP4.0<\/h2>\n<p>[\/et_pb_text][\/et_pb_column][\/et_pb_row][et_pb_row column_structure=\u00bb1_2,1_2&#8243; _builder_version=\u00bb4.18.1&#8243; _module_preset=\u00bbdefault\u00bb global_colors_info=\u00bb{}\u00bb][et_pb_column type=\u00bb1_2&#8243; _builder_version=\u00bb4.16&#8243; _module_preset=\u00bbdefault\u00bb global_colors_info=\u00bb{}\u00bb][et_pb_image src=\u00bbhttps:\/\/mar.gal\/wp-content\/uploads\/2024\/04\/Imagen1.png\u00bb title_text=\u00bbImagen1&#8243; force_fullwidth=\u00bbon\u00bb _builder_version=\u00bb4.18.1&#8243; _module_preset=\u00bbdefault\u00bb global_colors_info=\u00bb{}\u00bb][\/et_pb_image][\/et_pb_column][et_pb_column type=\u00bb1_2&#8243; _builder_version=\u00bb4.18.1&#8243; _module_preset=\u00bbdefault\u00bb custom_padding=\u00bb7vw||||false|false\u00bb custom_css_main_element=\u00bbdisplay: flex;||align-content: center;\u00bb global_colors_info=\u00bb{}\u00bb][et_pb_image src=\u00bbhttps:\/\/mar.gal\/wp-content\/uploads\/2024\/04\/Imagen2.png\u00bb title_text=\u00bbImagen2&#8243; force_fullwidth=\u00bbon\u00bb _builder_version=\u00bb4.18.1&#8243; _module_preset=\u00bbdefault\u00bb custom_padding=\u00bb||||false|false\u00bb global_colors_info=\u00bb{}\u00bb][\/et_pb_image][\/et_pb_column][\/et_pb_row][et_pb_row _builder_version=\u00bb4.18.1&#8243; _module_preset=\u00bbdefault\u00bb custom_padding=\u00bb||99px|||\u00bb global_colors_info=\u00bb{}\u00bb][et_pb_column type=\u00bb4_4&#8243; _builder_version=\u00bb4.18.1&#8243; _module_preset=\u00bbdefault\u00bb global_colors_info=\u00bb{}\u00bb][et_pb_text _builder_version=\u00bb4.18.1&#8243; _module_preset=\u00bbdefault\u00bb text_font_size=\u00bb16px\u00bb global_colors_info=\u00bb{}\u00bb]<\/p>\n<p>El proyecto VLP4.0 tiene como objetivo el desarrollo de una soluci\u00f3n digital integral que busca apoyar la gesti\u00f3n diaria de las personas que trabajan en planta, ya sean operarios, jefes de equipo o gestores. La soluci\u00f3n procesar\u00e1 y dar\u00e1 uso integrado a la informaci\u00f3n en base a cuatro pilares cr\u00edticos para la gesti\u00f3n de la empresa: operaciones, recursos, ubicaciones y comunicaci\u00f3n.<\/p>\n<p>La plataforma VLP4.0 pretende mejorar la gesti\u00f3n diaria de las empresas a trav\u00e9s de la integraci\u00f3n de los principios del Lean Manufacturing con las tecnolog\u00edas facilitadoras 4.0 y con las personas como elemento central al que aportar valor. La soluci\u00f3n se compondr\u00e1 de software y hardware siendo validada en dos entornos representativos con condiciones reales de funcionamiento (automoci\u00f3n y naval) y realizando la identificaci\u00f3n y caracterizaci\u00f3n de mejoras t\u00e9cnicas y funcionales que permitan adaptar el desarrollo a las necesidades reales sectoriales.<\/p>\n<p>La soluci\u00f3n digital ser\u00e1 adaptable a las caracter\u00edsticas de cada empresa y evolutiva, permitiendo su implantaci\u00f3n a empresas con diferentes grados de madurez (tecnol\u00f3gicos y operativos), favoreciendo el traslado de buenas pr\u00e1cticas desde los sectores m\u00e1s avanzados.<\/p>\n<p>[\/et_pb_text][et_pb_testimonial _builder_version=\u00bb4.18.1&#8243; _module_preset=\u00bbdefault\u00bb body_text_color=\u00bb#FFFFFF\u00bb body_font_size=\u00bb16px\u00bb background_color=\u00bb#197dc0&#8243; global_colors_info=\u00bb{}\u00bb]<\/p>\n<p><em>La tecnolog\u00eda juega a d\u00eda de hoy un papel fundamental en la mayor\u00eda de las plantas de producci\u00f3n. Contar con un modelo capaz de adaptarse a cualquier sector, siendo aplicable independientemente del grado de madurez de la empresa es la clave del \u00e9xito.<\/em><\/p>\n<p>[\/et_pb_testimonial][et_pb_text _builder_version=\u00bb4.18.1&#8243; _module_preset=\u00bbdefault\u00bb text_font_size=\u00bb16px\u00bb global_colors_info=\u00bb{}\u00bb]<\/p>\n<p>El proyecto se encuentra coordinado por la AEI Galicia Digital (DIHGIGAL) y en \u00e9l participan dos empresas tecnol\u00f3gicas (Inovalabs Digital, S.L y <span>Mar Technologies 5.0 S.L.<\/span>), dos empresas industriales (TI Group Automotive Systems, S.A. y Francisco Cardama, S.A.) y la Asociaci\u00f3n Cluster del Naval Gallego (ACLUNAGA).<\/p>\n<p>Este proyecto se encuentra financiado por el Ministerio de Industria, Comercio y Turismo, as\u00ed como por la Uni\u00f3n Europea a trav\u00e9s del Plan de Recuperaci\u00f3n, Transformaci\u00f3n y Resiliencia en el marco de la convocatoria #AEI2023<\/p>\n<p>[\/et_pb_text][et_pb_image src=\u00bbhttps:\/\/mar.gal\/wp-content\/uploads\/2024\/04\/Imagen3.png\u00bb title_text=\u00bbImagen3&#8243; align=\u00bbcenter\u00bb _builder_version=\u00bb4.18.1&#8243; _module_preset=\u00bbdefault\u00bb module_alignment=\u00bbleft\u00bb custom_padding=\u00bb2vw||2vw||true|false\u00bb global_colors_info=\u00bb{}\u00bb][\/et_pb_image][\/et_pb_column][\/et_pb_row][et_pb_row _builder_version=\u00bb4.18.1&#8243; _module_preset=\u00bbdefault\u00bb custom_margin=\u00bb1em||||false|false\u00bb custom_padding=\u00bb0px||0px||false|false\u00bb global_colors_info=\u00bb{}\u00bb][et_pb_column type=\u00bb4_4&#8243; _builder_version=\u00bb4.18.1&#8243; _module_preset=\u00bbdefault\u00bb global_colors_info=\u00bb{}\u00bb][et_pb_text _builder_version=\u00bb4.18.1&#8243; _module_preset=\u00bbdefault\u00bb global_colors_info=\u00bb{}\u00bb]<\/p>\n<h2 id=\"vax3d\">VAX3D_VIRTUAL + AUGMENTED + MIXED REALITY_ALL-IN-ONE<\/h2>\n<p>[\/et_pb_text][\/et_pb_column][\/et_pb_row][et_pb_row _builder_version=\u00bb4.16&#8243; _module_preset=\u00bbdefault\u00bb custom_padding=\u00bb||150px|||\u00bb global_colors_info=\u00bb{}\u00bb][et_pb_column type=\u00bb4_4&#8243; _builder_version=\u00bb4.16&#8243; _module_preset=\u00bbdefault\u00bb global_colors_info=\u00bb{}\u00bb][et_pb_image src=\u00bbhttps:\/\/mar.gal\/wp-content\/uploads\/2022\/03\/Ayuda-Agencia-Gallega-de-Innovacion.png\u00bb title_text=\u00bbAyuda-Agencia-Gallega-de-Innovacion\u00bb _builder_version=\u00bb4.16&#8243; _module_preset=\u00bbdefault\u00bb global_colors_info=\u00bb{}\u00bb][\/et_pb_image][\/et_pb_column][\/et_pb_row][\/et_pb_section]<\/p>\n","protected":false},"excerpt":{"rendered":"<p>AYUDASMAR-SPANMAR-SPAN es un innovador sistema automatizado, sensorizado y virtualizado dise\u00f1ado para optimizar el proceso de producci\u00f3n en las bateas de mejill\u00f3n. Este sistema, f\u00e1cilmente accesible y con monitorizaci\u00f3n completa, ofrece una optimizaci\u00f3n del cultivo mediante un perfilado guiado y motorizado que mueve las cuerdas autom\u00e1ticamente para una alimentaci\u00f3n \u00f3ptima de los mejillones. La monitorizaci\u00f3n individual [&hellip;]<\/p>\n","protected":false},"author":1,"featured_media":0,"parent":0,"menu_order":0,"comment_status":"closed","ping_status":"closed","template":"","meta":{"_et_pb_use_builder":"on","_et_pb_old_content":"<!-- wp:image {\"id\":113,\"sizeSlug\":\"large\",\"linkDestination\":\"none\"} -->\n<figure class=\"wp-block-image size-large\"><img src=\"https:\/\/mar.gal\/wp-content\/uploads\/2022\/03\/Ayuda-Agencia-Gallega-de-Innovacion-1024x637.png\" alt=\"\" class=\"wp-image-113\"\/><\/figure>\n<!-- \/wp:image -->","_et_gb_content_width":"","footnotes":""},"class_list":["post-5","page","type-page","status-publish","hentry"],"yoast_head":"<!-- This site is optimized with the Yoast SEO plugin v24.6 - https:\/\/yoast.com\/wordpress\/plugins\/seo\/ -->\n<title>AYUDAS - MAR TECHNOLOGIES 5.0<\/title>\n<meta name=\"robots\" content=\"index, follow, max-snippet:-1, max-image-preview:large, max-video-preview:-1\" \/>\n<link rel=\"canonical\" href=\"https:\/\/mar.gal\/es\/ayudas\/\" \/>\n<meta property=\"og:locale\" content=\"es_ES\" \/>\n<meta property=\"og:type\" content=\"article\" \/>\n<meta property=\"og:title\" content=\"AYUDAS - MAR TECHNOLOGIES 5.0\" \/>\n<meta property=\"og:description\" content=\"AYUDASMAR-SPANMAR-SPAN es un innovador sistema automatizado, sensorizado y virtualizado dise\u00f1ado para optimizar el proceso de producci\u00f3n en las bateas de mejill\u00f3n. Este sistema, f\u00e1cilmente accesible y con monitorizaci\u00f3n completa, ofrece una optimizaci\u00f3n del cultivo mediante un perfilado guiado y motorizado que mueve las cuerdas autom\u00e1ticamente para una alimentaci\u00f3n \u00f3ptima de los mejillones. La monitorizaci\u00f3n individual [&hellip;]\" \/>\n<meta property=\"og:url\" content=\"https:\/\/mar.gal\/es\/ayudas\/\" \/>\n<meta property=\"og:site_name\" content=\"MAR TECHNOLOGIES 5.0\" \/>\n<meta property=\"article:modified_time\" content=\"2025-03-27T12:15:45+00:00\" \/>\n<meta name=\"twitter:card\" content=\"summary_large_image\" \/>\n<meta name=\"twitter:label1\" content=\"Tiempo de lectura\" \/>\n\t<meta name=\"twitter:data1\" content=\"7 minutos\" \/>\n<script type=\"application\/ld+json\" class=\"yoast-schema-graph\">{\"@context\":\"https:\/\/schema.org\",\"@graph\":[{\"@type\":\"WebPage\",\"@id\":\"https:\/\/mar.gal\/es\/ayudas\/\",\"url\":\"https:\/\/mar.gal\/es\/ayudas\/\",\"name\":\"AYUDAS - MAR TECHNOLOGIES 5.0\",\"isPartOf\":{\"@id\":\"https:\/\/mar.gal\/es\/#website\"},\"datePublished\":\"2022-03-03T12:38:34+00:00\",\"dateModified\":\"2025-03-27T12:15:45+00:00\",\"breadcrumb\":{\"@id\":\"https:\/\/mar.gal\/es\/ayudas\/#breadcrumb\"},\"inLanguage\":\"es\",\"potentialAction\":[{\"@type\":\"ReadAction\",\"target\":[\"https:\/\/mar.gal\/es\/ayudas\/\"]}]},{\"@type\":\"BreadcrumbList\",\"@id\":\"https:\/\/mar.gal\/es\/ayudas\/#breadcrumb\",\"itemListElement\":[{\"@type\":\"ListItem\",\"position\":1,\"name\":\"Portada\",\"item\":\"https:\/\/mar.gal\/es\/\"},{\"@type\":\"ListItem\",\"position\":2,\"name\":\"AYUDAS\"}]},{\"@type\":\"WebSite\",\"@id\":\"https:\/\/mar.gal\/es\/#website\",\"url\":\"https:\/\/mar.gal\/es\/\",\"name\":\"MAR TECHNOLOGIES 5.0\",\"description\":\"Ingenier\u00eda, Tecnolog\u00eda e Innovaci\u00f3n\",\"publisher\":{\"@id\":\"https:\/\/mar.gal\/es\/#organization\"},\"potentialAction\":[{\"@type\":\"SearchAction\",\"target\":{\"@type\":\"EntryPoint\",\"urlTemplate\":\"https:\/\/mar.gal\/es\/?s={search_term_string}\"},\"query-input\":{\"@type\":\"PropertyValueSpecification\",\"valueRequired\":true,\"valueName\":\"search_term_string\"}}],\"inLanguage\":\"es\"},{\"@type\":\"Organization\",\"@id\":\"https:\/\/mar.gal\/es\/#organization\",\"name\":\"MAR TECHNOLOGIES 5.0\",\"url\":\"https:\/\/mar.gal\/es\/\",\"logo\":{\"@type\":\"ImageObject\",\"inLanguage\":\"es\",\"@id\":\"https:\/\/mar.gal\/es\/#\/schema\/logo\/image\/\",\"url\":\"https:\/\/mar.gal\/wp-content\/uploads\/2024\/10\/mar_technologies50_negro.png\",\"contentUrl\":\"https:\/\/mar.gal\/wp-content\/uploads\/2024\/10\/mar_technologies50_negro.png\",\"width\":489,\"height\":234,\"caption\":\"MAR TECHNOLOGIES 5.0\"},\"image\":{\"@id\":\"https:\/\/mar.gal\/es\/#\/schema\/logo\/image\/\"}}]}<\/script>\n<!-- \/ Yoast SEO plugin. -->","yoast_head_json":{"title":"AYUDAS - MAR TECHNOLOGIES 5.0","robots":{"index":"index","follow":"follow","max-snippet":"max-snippet:-1","max-image-preview":"max-image-preview:large","max-video-preview":"max-video-preview:-1"},"canonical":"https:\/\/mar.gal\/es\/ayudas\/","og_locale":"es_ES","og_type":"article","og_title":"AYUDAS - MAR TECHNOLOGIES 5.0","og_description":"AYUDASMAR-SPANMAR-SPAN es un innovador sistema automatizado, sensorizado y virtualizado dise\u00f1ado para optimizar el proceso de producci\u00f3n en las bateas de mejill\u00f3n. Este sistema, f\u00e1cilmente accesible y con monitorizaci\u00f3n completa, ofrece una optimizaci\u00f3n del cultivo mediante un perfilado guiado y motorizado que mueve las cuerdas autom\u00e1ticamente para una alimentaci\u00f3n \u00f3ptima de los mejillones. La monitorizaci\u00f3n individual [&hellip;]","og_url":"https:\/\/mar.gal\/es\/ayudas\/","og_site_name":"MAR TECHNOLOGIES 5.0","article_modified_time":"2025-03-27T12:15:45+00:00","twitter_card":"summary_large_image","twitter_misc":{"Tiempo de lectura":"7 minutos"},"schema":{"@context":"https:\/\/schema.org","@graph":[{"@type":"WebPage","@id":"https:\/\/mar.gal\/es\/ayudas\/","url":"https:\/\/mar.gal\/es\/ayudas\/","name":"AYUDAS - MAR TECHNOLOGIES 5.0","isPartOf":{"@id":"https:\/\/mar.gal\/es\/#website"},"datePublished":"2022-03-03T12:38:34+00:00","dateModified":"2025-03-27T12:15:45+00:00","breadcrumb":{"@id":"https:\/\/mar.gal\/es\/ayudas\/#breadcrumb"},"inLanguage":"es","potentialAction":[{"@type":"ReadAction","target":["https:\/\/mar.gal\/es\/ayudas\/"]}]},{"@type":"BreadcrumbList","@id":"https:\/\/mar.gal\/es\/ayudas\/#breadcrumb","itemListElement":[{"@type":"ListItem","position":1,"name":"Portada","item":"https:\/\/mar.gal\/es\/"},{"@type":"ListItem","position":2,"name":"AYUDAS"}]},{"@type":"WebSite","@id":"https:\/\/mar.gal\/es\/#website","url":"https:\/\/mar.gal\/es\/","name":"MAR TECHNOLOGIES 5.0","description":"Ingenier\u00eda, Tecnolog\u00eda e Innovaci\u00f3n","publisher":{"@id":"https:\/\/mar.gal\/es\/#organization"},"potentialAction":[{"@type":"SearchAction","target":{"@type":"EntryPoint","urlTemplate":"https:\/\/mar.gal\/es\/?s={search_term_string}"},"query-input":{"@type":"PropertyValueSpecification","valueRequired":true,"valueName":"search_term_string"}}],"inLanguage":"es"},{"@type":"Organization","@id":"https:\/\/mar.gal\/es\/#organization","name":"MAR TECHNOLOGIES 5.0","url":"https:\/\/mar.gal\/es\/","logo":{"@type":"ImageObject","inLanguage":"es","@id":"https:\/\/mar.gal\/es\/#\/schema\/logo\/image\/","url":"https:\/\/mar.gal\/wp-content\/uploads\/2024\/10\/mar_technologies50_negro.png","contentUrl":"https:\/\/mar.gal\/wp-content\/uploads\/2024\/10\/mar_technologies50_negro.png","width":489,"height":234,"caption":"MAR TECHNOLOGIES 5.0"},"image":{"@id":"https:\/\/mar.gal\/es\/#\/schema\/logo\/image\/"}}]}},"_links":{"self":[{"href":"https:\/\/mar.gal\/es\/wp-json\/wp\/v2\/pages\/5","targetHints":{"allow":["GET"]}}],"collection":[{"href":"https:\/\/mar.gal\/es\/wp-json\/wp\/v2\/pages"}],"about":[{"href":"https:\/\/mar.gal\/es\/wp-json\/wp\/v2\/types\/page"}],"author":[{"embeddable":true,"href":"https:\/\/mar.gal\/es\/wp-json\/wp\/v2\/users\/1"}],"replies":[{"embeddable":true,"href":"https:\/\/mar.gal\/es\/wp-json\/wp\/v2\/comments?post=5"}],"version-history":[{"count":33,"href":"https:\/\/mar.gal\/es\/wp-json\/wp\/v2\/pages\/5\/revisions"}],"predecessor-version":[{"id":1259,"href":"https:\/\/mar.gal\/es\/wp-json\/wp\/v2\/pages\/5\/revisions\/1259"}],"wp:attachment":[{"href":"https:\/\/mar.gal\/es\/wp-json\/wp\/v2\/media?parent=5"}],"curies":[{"name":"wp","href":"https:\/\/api.w.org\/{rel}","templated":true}]}}