{"id":602,"date":"2023-12-13T14:59:17","date_gmt":"2023-12-13T14:59:17","guid":{"rendered":"https:\/\/mar.gal\/?page_id=602"},"modified":"2024-10-18T16:19:29","modified_gmt":"2024-10-18T16:19:29","slug":"politica-de-privacidad","status":"publish","type":"page","link":"https:\/\/mar.gal\/es\/politica-de-privacidad\/","title":{"rendered":"Pol\u00edtica de Privacidad"},"content":{"rendered":"<p>[et_pb_section fb_built=\u00bb1&#8243; _builder_version=\u00bb4.16&#8243; _module_preset=\u00bbdefault\u00bb global_colors_info=\u00bb{}\u00bb][et_pb_row _builder_version=\u00bb4.16&#8243; _module_preset=\u00bbdefault\u00bb global_colors_info=\u00bb{}\u00bb][et_pb_column type=\u00bb4_4&#8243; _builder_version=\u00bb4.16&#8243; _module_preset=\u00bbdefault\u00bb global_colors_info=\u00bb{}\u00bb][et_pb_text _builder_version=\u00bb4.18.1&#8243; _module_preset=\u00bbdefault\u00bb header_font=\u00bbLato||||||||\u00bb header_font_size=\u00bb35px\u00bb global_colors_info=\u00bb{}\u00bb]<\/p>\n<h1><strong>\u00a0Pol\u00edtica de Privacidad<\/strong><\/h1>\n<p>&nbsp;<\/p>\n<p>&nbsp;<\/p>\n<h2><strong>A) DATOS IDENTIFICATIVOS<\/strong><\/h2>\n<p>Denominaci\u00f3n Social: <span>MAR TECHNOLOGIES 5.0 S.L.<\/span><br \/>Nombre Comercial: MAR<br \/>Domicilio Social: Calle Alcalde Segundo Pampill\u00f3n 20 , 36419 Sangui\u00f1eda-Mos (Pontevedra)<br \/>CIF \/ NIF: B36021269<br \/>e-Mail: hola@mar.gal<br \/>CIF \/ NIF: B27863588<br \/>Nombre de dominio: mar.gal<\/p>\n<p>&nbsp;<\/p>\n<h2><strong>B) AUTORIZACI\u00d3N ADMINISTRATIVA<\/strong><\/h2>\n<p>De conformidad con lo dispuesto en la Ley Org\u00e1nica 15\/1999, de Protecci\u00f3n de Datos de Car\u00e1cter Personal (LOPD) y su normativa de desarrollo, el responsable del sitio web, en cumplimiento de lo dispuesto en los art. 5 y 6 de la LOPD, informa a todos los usuarios del sitio web que faciliten o vayan a facilitar sus datos personales, que estos ser\u00e1n incorporados en un fichero automatizado que se encuentra en tr\u00e1mite para inscripci\u00f3n en la Agencia Espa\u00f1ola de Protecci\u00f3n de Datos.<br \/>Los usuarios, mediante la marcaci\u00f3n de la casilla, aceptan expresamente y de forma libre e inequ\u00edvoca que sus datos personales sean tratados por parte del prestador para realizar las siguientes finalidades:<\/p>\n<p>Remisi\u00f3n de comunicaciones comerciales publicitarias por e-mail, fax, SMS, MMS, comunidades sociales o cualesquier otro medio electr\u00f3nico o f\u00edsico, presente o futuro, que posibilite realizar comunicaciones comerciales. Dichas comunicaciones comerciales ser\u00e1n relacionadas sobre productos o servicios ofrecidos por el prestador, as\u00ed como por parte de los colaboradores o partners con los que \u00e9ste hubiera alcanzado alg\u00fan acuerdo de promoci\u00f3n comercial entre sus clientes. En este caso, los terceros nunca tendr\u00e1n acceso a los datos personales. En todo caso las comunicaciones comerciales ser\u00e1n realizadas por parte del prestador y ser\u00e1n de productos y servicios relacionados con el sector del prestador.<br \/>Realizar estudios estad\u00edsticos.<\/p>\n<p>Tramitar encargos, solicitudes o cualquier tipo de petici\u00f3n que sea realizada por el usuario a trav\u00e9s de cualquiera de las formas de contacto que se ponen a disposici\u00f3n del usuario en el sitio web de la compa\u00f1\u00eda.Remitir el bolet\u00edn de noticias de la p\u00e1gina web. El prestador informa y garantiza expresamente a los usuarios que sus datos personales no ser\u00e1n cedidos en ning\u00fan caso a terceras compa\u00f1\u00edas, y que siempre que fuera a realizarse alg\u00fan tipo de cesi\u00f3n de datos personales, de forma previa, se solicitar\u00eda el consentimiento expreso, informado, e inequ\u00edvoco por parte de los titulares.<\/p>\n<p>Todos los datos solicitados a trav\u00e9s del sitio web son obligatorios, ya que son necesarios para la prestaci\u00f3n de un servicio \u00f3ptimo al usuario. En caso de que no sean facilitados todos los datos, el prestador no garantiza que la informaci\u00f3n y servicios facilitados sean completamente ajustados a sus necesidades.<br \/>El prestador garantiza en todo caso al usuario el ejercicio de los derechos de acceso, rectificaci\u00f3n, cancelaci\u00f3n, informaci\u00f3n y oposici\u00f3n, en los t\u00e9rminos dispuestos en la legislaci\u00f3n vigente. Por ello, de conformidad con lo dispuesto en la Ley Org\u00e1nica 15\/1999, de Protecci\u00f3n de Datos de Car\u00e1cter Personal (LOPD) podr\u00e1 ejercer sus derechos remitiendo una solicitud expresa, junto a una copia de su DNI, a trav\u00e9s de los siguientes medios:<\/p>\n<p>Mail: <a href=\"mailto:hola@mar.gal\">hola@mar.gal<\/a><br \/>Correo postal: MAR TECHONLOGIES 5.0 S.L. \u2013 St.\/ Alcalde Segundo Pampill\u00f3n 20 , 36419 Sangui\u00f1eda-Mos (Pontevedra)<\/p>\n<p>Del mismo modo, el usuario podr\u00e1 darse de baja de cualquiera de los servicios de suscripci\u00f3n facilitados haciendo clic en el apartado darse de baja de todos los correos electr\u00f3nicos remitidos por parte del prestador.<\/p>\n<p>Del mismo modo, el prestador ha adoptado todas las medidas t\u00e9cnicas y de organizaci\u00f3n necesarias para garantizar la seguridad e integridad de los datos de car\u00e1cter personal que trate, as\u00ed como para evitar su p\u00e9rdida, alteraci\u00f3n y\/o acceso por parte de terceros no autorizados.<\/p>\n<p>&nbsp;<\/p>\n<h2><strong>C) USO DE COOKIES Y DEL FICHERO DE ACTIVIDAD<\/strong><\/h2>\n<p>El prestador por su propia cuenta o la de un tercero contratado para la prestaci\u00f3n de servicios de medici\u00f3n, pueden utilizar cookies cuando un usuario navega por el sitio web. Las cookies son ficheros enviados al navegador por medio de un servidor web con la finalidad de registrar las actividades del usuario durante su tiempo de navegaci\u00f3n.<\/p>\n<p>Las cookies utilizadas por el sitio web se asocian \u00fanicamente con un usuario an\u00f3nimo y su ordenador, y no proporcionan por s\u00ed mismas los datos personales del usuario.<\/p>\n<p>Mediante el uso de las cookies resulta posible que el servidor donde se encuentra la web, reconozca el navegador web utilizado por el usuario con la finalidad de que la navegaci\u00f3n sea m\u00e1s sencilla, permitiendo, por ejemplo, el acceso a los usuarios que se hayan registrado previamente, acceder a las \u00e1reas, servicios, promociones o concursos reservados exclusivamente a ellos sin tener que registrarse en cada visita. Se utilizan tambi\u00e9n para medir la audiencia y par\u00e1metros del tr\u00e1fico, controlar el progreso y n\u00famero de entradas.<\/p>\n<p>El usuario tiene la posibilidad de configurar su navegador para ser avisado de la recepci\u00f3n de cookies y para impedir su instalaci\u00f3n en su equipo. Por favor, consulte las instrucciones y manuales de su navegador para ampliar esta informaci\u00f3n.<\/p>\n<p>Para utilizar el sitio web, no resulta necesario que el usuario permita la instalaci\u00f3n de las cookies enviadas por el sitio web, o el tercero que act\u00fae en su nombre, sin perjuicio de que sea necesario que el usuario inicie una sesi\u00f3n como tal en cada uno de los servicios cuya prestaci\u00f3n requiera el previo registro o \u201clogin\u201d.<br \/>Las cookies utilizadas en este sitio web tienen, en todo caso, car\u00e1cter temporal con la \u00fanica finalidad de hacer m\u00e1s eficaz su transmisi\u00f3n ulterior. En ning\u00fan caso se utilizar\u00e1n las cookies para recoger informaci\u00f3n de car\u00e1cter personal.<\/p>\n<p>&nbsp;<\/p>\n<h2><strong>D) DIRECCIONES IP<\/strong><\/h2>\n<p>El prestador por su propia cuenta o la de un tercero contratado para la prestaci\u00f3n de servicios de medici\u00f3n, pueden utilizar cookies cuando un usuario navega por el sitio web. Las cookies son ficheros enviados al navegador por medio de un servidor web con la finalidad de registrar las actividades del usuario durante su tiempo de navegaci\u00f3n.<\/p>\n<p>&nbsp;<\/p>\n<h2><strong>E) SEGURIDAD<\/strong><\/h2>\n<p>El sitio web utiliza t\u00e9cnicas de seguridad de la informaci\u00f3n generalmente aceptadas en la industria, tales como firewalls, procedimientos de control de acceso y mecanismos criptogr\u00e1ficos, todo ello con el objeto de evitar el acceso no autorizado a los datos. Para lograr estos fines, el usuario\/cliente acepta que el prestador obtenga datos para efectos de la correspondiente autenticaci\u00f3n de los controles de acceso.<br \/>Todo proceso de contrataci\u00f3n o que conlleve la introducci\u00f3n de datos personales de car\u00e1cter alto (salud, ideolog\u00eda,) ser\u00e1n siempre transmitidos mediante protocolo de comunicaci\u00f3n segura (https:\/\/\u2026), de tal forma que ning\u00fan tercero tenga acceso a la informaci\u00f3n transmitida v\u00eda electr\u00f3nica.<\/p>\n<p>[\/et_pb_text][\/et_pb_column][\/et_pb_row][\/et_pb_section]<\/p>\n","protected":false},"excerpt":{"rendered":"<p>\u00a0Pol\u00edtica de Privacidad &nbsp; &nbsp; A) DATOS IDENTIFICATIVOS Denominaci\u00f3n Social: MAR TECHNOLOGIES 5.0 S.L.Nombre Comercial: MARDomicilio Social: Calle Alcalde Segundo Pampill\u00f3n 20 , 36419 Sangui\u00f1eda-Mos (Pontevedra)CIF \/ NIF: B36021269e-Mail: hola@mar.galCIF \/ NIF: B27863588Nombre de dominio: mar.gal &nbsp; B) AUTORIZACI\u00d3N ADMINISTRATIVA De conformidad con lo dispuesto en la Ley Org\u00e1nica 15\/1999, de Protecci\u00f3n de Datos de [&hellip;]<\/p>\n","protected":false},"author":1,"featured_media":0,"parent":0,"menu_order":0,"comment_status":"closed","ping_status":"closed","template":"","meta":{"_et_pb_use_builder":"on","_et_pb_old_content":"","_et_gb_content_width":"","footnotes":""},"class_list":["post-602","page","type-page","status-publish","hentry"],"yoast_head":"<!-- This site is optimized with the Yoast SEO plugin v24.6 - https:\/\/yoast.com\/wordpress\/plugins\/seo\/ -->\n<title>Pol\u00edtica de Privacidad - MAR TECHNOLOGIES 5.0<\/title>\n<meta name=\"robots\" content=\"index, follow, max-snippet:-1, max-image-preview:large, max-video-preview:-1\" \/>\n<link rel=\"canonical\" href=\"https:\/\/mar.gal\/es\/politica-de-privacidad\/\" \/>\n<meta property=\"og:locale\" content=\"es_ES\" \/>\n<meta property=\"og:type\" content=\"article\" \/>\n<meta property=\"og:title\" content=\"Pol\u00edtica de Privacidad - MAR TECHNOLOGIES 5.0\" \/>\n<meta property=\"og:description\" content=\"\u00a0Pol\u00edtica de Privacidad &nbsp; &nbsp; A) DATOS IDENTIFICATIVOS Denominaci\u00f3n Social: MAR TECHNOLOGIES 5.0 S.L.Nombre Comercial: MARDomicilio Social: Calle Alcalde Segundo Pampill\u00f3n 20 , 36419 Sangui\u00f1eda-Mos (Pontevedra)CIF \/ NIF: B36021269e-Mail: hola@mar.galCIF \/ NIF: B27863588Nombre de dominio: mar.gal &nbsp; B) AUTORIZACI\u00d3N ADMINISTRATIVA De conformidad con lo dispuesto en la Ley Org\u00e1nica 15\/1999, de Protecci\u00f3n de Datos de [&hellip;]\" \/>\n<meta property=\"og:url\" content=\"https:\/\/mar.gal\/es\/politica-de-privacidad\/\" \/>\n<meta property=\"og:site_name\" content=\"MAR TECHNOLOGIES 5.0\" \/>\n<meta property=\"article:modified_time\" content=\"2024-10-18T16:19:29+00:00\" \/>\n<meta name=\"twitter:card\" content=\"summary_large_image\" \/>\n<meta name=\"twitter:label1\" content=\"Tiempo de lectura\" \/>\n\t<meta name=\"twitter:data1\" content=\"6 minutos\" \/>\n<script type=\"application\/ld+json\" class=\"yoast-schema-graph\">{\"@context\":\"https:\/\/schema.org\",\"@graph\":[{\"@type\":\"WebPage\",\"@id\":\"https:\/\/mar.gal\/es\/politica-de-privacidad\/\",\"url\":\"https:\/\/mar.gal\/es\/politica-de-privacidad\/\",\"name\":\"Pol\u00edtica de Privacidad - MAR TECHNOLOGIES 5.0\",\"isPartOf\":{\"@id\":\"https:\/\/mar.gal\/es\/#website\"},\"datePublished\":\"2023-12-13T14:59:17+00:00\",\"dateModified\":\"2024-10-18T16:19:29+00:00\",\"breadcrumb\":{\"@id\":\"https:\/\/mar.gal\/es\/politica-de-privacidad\/#breadcrumb\"},\"inLanguage\":\"es\",\"potentialAction\":[{\"@type\":\"ReadAction\",\"target\":[\"https:\/\/mar.gal\/es\/politica-de-privacidad\/\"]}]},{\"@type\":\"BreadcrumbList\",\"@id\":\"https:\/\/mar.gal\/es\/politica-de-privacidad\/#breadcrumb\",\"itemListElement\":[{\"@type\":\"ListItem\",\"position\":1,\"name\":\"Portada\",\"item\":\"https:\/\/mar.gal\/es\/\"},{\"@type\":\"ListItem\",\"position\":2,\"name\":\"Pol\u00edtica de Privacidad\"}]},{\"@type\":\"WebSite\",\"@id\":\"https:\/\/mar.gal\/es\/#website\",\"url\":\"https:\/\/mar.gal\/es\/\",\"name\":\"MAR TECHNOLOGIES 5.0\",\"description\":\"Ingenier\u00eda, Tecnolog\u00eda e Innovaci\u00f3n\",\"publisher\":{\"@id\":\"https:\/\/mar.gal\/es\/#organization\"},\"potentialAction\":[{\"@type\":\"SearchAction\",\"target\":{\"@type\":\"EntryPoint\",\"urlTemplate\":\"https:\/\/mar.gal\/es\/?s={search_term_string}\"},\"query-input\":{\"@type\":\"PropertyValueSpecification\",\"valueRequired\":true,\"valueName\":\"search_term_string\"}}],\"inLanguage\":\"es\"},{\"@type\":\"Organization\",\"@id\":\"https:\/\/mar.gal\/es\/#organization\",\"name\":\"MAR TECHNOLOGIES 5.0\",\"url\":\"https:\/\/mar.gal\/es\/\",\"logo\":{\"@type\":\"ImageObject\",\"inLanguage\":\"es\",\"@id\":\"https:\/\/mar.gal\/es\/#\/schema\/logo\/image\/\",\"url\":\"https:\/\/mar.gal\/wp-content\/uploads\/2024\/10\/mar_technologies50_negro.png\",\"contentUrl\":\"https:\/\/mar.gal\/wp-content\/uploads\/2024\/10\/mar_technologies50_negro.png\",\"width\":489,\"height\":234,\"caption\":\"MAR TECHNOLOGIES 5.0\"},\"image\":{\"@id\":\"https:\/\/mar.gal\/es\/#\/schema\/logo\/image\/\"}}]}<\/script>\n<!-- \/ Yoast SEO plugin. -->","yoast_head_json":{"title":"Pol\u00edtica de Privacidad - MAR TECHNOLOGIES 5.0","robots":{"index":"index","follow":"follow","max-snippet":"max-snippet:-1","max-image-preview":"max-image-preview:large","max-video-preview":"max-video-preview:-1"},"canonical":"https:\/\/mar.gal\/es\/politica-de-privacidad\/","og_locale":"es_ES","og_type":"article","og_title":"Pol\u00edtica de Privacidad - MAR TECHNOLOGIES 5.0","og_description":"\u00a0Pol\u00edtica de Privacidad &nbsp; &nbsp; A) DATOS IDENTIFICATIVOS Denominaci\u00f3n Social: MAR TECHNOLOGIES 5.0 S.L.Nombre Comercial: MARDomicilio Social: Calle Alcalde Segundo Pampill\u00f3n 20 , 36419 Sangui\u00f1eda-Mos (Pontevedra)CIF \/ NIF: B36021269e-Mail: hola@mar.galCIF \/ NIF: B27863588Nombre de dominio: mar.gal &nbsp; B) AUTORIZACI\u00d3N ADMINISTRATIVA De conformidad con lo dispuesto en la Ley Org\u00e1nica 15\/1999, de Protecci\u00f3n de Datos de [&hellip;]","og_url":"https:\/\/mar.gal\/es\/politica-de-privacidad\/","og_site_name":"MAR TECHNOLOGIES 5.0","article_modified_time":"2024-10-18T16:19:29+00:00","twitter_card":"summary_large_image","twitter_misc":{"Tiempo de lectura":"6 minutos"},"schema":{"@context":"https:\/\/schema.org","@graph":[{"@type":"WebPage","@id":"https:\/\/mar.gal\/es\/politica-de-privacidad\/","url":"https:\/\/mar.gal\/es\/politica-de-privacidad\/","name":"Pol\u00edtica de Privacidad - MAR TECHNOLOGIES 5.0","isPartOf":{"@id":"https:\/\/mar.gal\/es\/#website"},"datePublished":"2023-12-13T14:59:17+00:00","dateModified":"2024-10-18T16:19:29+00:00","breadcrumb":{"@id":"https:\/\/mar.gal\/es\/politica-de-privacidad\/#breadcrumb"},"inLanguage":"es","potentialAction":[{"@type":"ReadAction","target":["https:\/\/mar.gal\/es\/politica-de-privacidad\/"]}]},{"@type":"BreadcrumbList","@id":"https:\/\/mar.gal\/es\/politica-de-privacidad\/#breadcrumb","itemListElement":[{"@type":"ListItem","position":1,"name":"Portada","item":"https:\/\/mar.gal\/es\/"},{"@type":"ListItem","position":2,"name":"Pol\u00edtica de Privacidad"}]},{"@type":"WebSite","@id":"https:\/\/mar.gal\/es\/#website","url":"https:\/\/mar.gal\/es\/","name":"MAR TECHNOLOGIES 5.0","description":"Ingenier\u00eda, Tecnolog\u00eda e Innovaci\u00f3n","publisher":{"@id":"https:\/\/mar.gal\/es\/#organization"},"potentialAction":[{"@type":"SearchAction","target":{"@type":"EntryPoint","urlTemplate":"https:\/\/mar.gal\/es\/?s={search_term_string}"},"query-input":{"@type":"PropertyValueSpecification","valueRequired":true,"valueName":"search_term_string"}}],"inLanguage":"es"},{"@type":"Organization","@id":"https:\/\/mar.gal\/es\/#organization","name":"MAR TECHNOLOGIES 5.0","url":"https:\/\/mar.gal\/es\/","logo":{"@type":"ImageObject","inLanguage":"es","@id":"https:\/\/mar.gal\/es\/#\/schema\/logo\/image\/","url":"https:\/\/mar.gal\/wp-content\/uploads\/2024\/10\/mar_technologies50_negro.png","contentUrl":"https:\/\/mar.gal\/wp-content\/uploads\/2024\/10\/mar_technologies50_negro.png","width":489,"height":234,"caption":"MAR TECHNOLOGIES 5.0"},"image":{"@id":"https:\/\/mar.gal\/es\/#\/schema\/logo\/image\/"}}]}},"_links":{"self":[{"href":"https:\/\/mar.gal\/es\/wp-json\/wp\/v2\/pages\/602","targetHints":{"allow":["GET"]}}],"collection":[{"href":"https:\/\/mar.gal\/es\/wp-json\/wp\/v2\/pages"}],"about":[{"href":"https:\/\/mar.gal\/es\/wp-json\/wp\/v2\/types\/page"}],"author":[{"embeddable":true,"href":"https:\/\/mar.gal\/es\/wp-json\/wp\/v2\/users\/1"}],"replies":[{"embeddable":true,"href":"https:\/\/mar.gal\/es\/wp-json\/wp\/v2\/comments?post=602"}],"version-history":[{"count":11,"href":"https:\/\/mar.gal\/es\/wp-json\/wp\/v2\/pages\/602\/revisions"}],"predecessor-version":[{"id":702,"href":"https:\/\/mar.gal\/es\/wp-json\/wp\/v2\/pages\/602\/revisions\/702"}],"wp:attachment":[{"href":"https:\/\/mar.gal\/es\/wp-json\/wp\/v2\/media?parent=602"}],"curies":[{"name":"wp","href":"https:\/\/api.w.org\/{rel}","templated":true}]}}